{"id":316,"date":"2019-04-15T12:40:45","date_gmt":"2019-04-15T10:40:45","guid":{"rendered":"http:\/\/eduwyprawy.pl\/?page_id=316"},"modified":"2025-07-21T08:51:28","modified_gmt":"2025-07-21T06:51:28","slug":"dokumenty-do-pobrania","status":"publish","type":"page","link":"https:\/\/eduwyprawy.pl\/index.php\/dokumenty-do-pobrania\/","title":{"rendered":"dokumenty"},"content":{"rendered":"\n<p>Dokumenty dotycz\u0105ce kolonii &#8222;Letnia Przygoda 2025&#8221;<\/p>\n\n\n\n<p>Prosimy o&nbsp;<strong>zapoznanie siebie i uczestnika kolonii<\/strong>&nbsp;z <a rel=\"noreferrer noopener\" href=\"https:\/\/drive.google.com\/file\/d\/1Wt1J_ZNIvhf_Uha-GEiiZjT2MPyz7m3o\/view?usp=sharing\" data-type=\"URL\" data-id=\"https:\/\/drive.google.com\/file\/d\/1Wt1J_ZNIvhf_Uha-GEiiZjT2MPyz7m3o\/view?usp=sharing\" target=\"_blank\">Regulaminem Uczestnictwa w koloni<\/a>i<\/p>\n\n\n\n<p><\/p>\n\n\n\n<p><a rel=\"noreferrer noopener\" href=\"https:\/\/drive.google.com\/file\/d\/15OIHKrgj8XE45xX3Z6a4ztSRaJ6JZCLC\/view?usp=sharing\" data-type=\"URL\" data-id=\"https:\/\/drive.google.com\/file\/d\/15OIHKrgj8XE45xX3Z6a4ztSRaJ6JZCLC\/view?usp=sharing\" target=\"_blank\">O\u015bwiadczenie RODO<\/a> drukujemy 1 raz, wype\u0142niamy i odsy\u0142amy do Eduwyprawy<\/p>\n\n\n\n<p><a href=\"https:\/\/drive.google.com\/file\/d\/1fGPXSwxGitRBp-9plqI_EEHKYt35OBGQ\/view?usp=sharing\" data-type=\"URL\" data-id=\"https:\/\/drive.google.com\/file\/d\/1fGPXSwxGitRBp-9plqI_EEHKYt35OBGQ\/view?usp=sharing\" target=\"_blank\" rel=\"noreferrer noopener\">KARTA KOLONIJNA UCZESTNIKA<\/a>  &#8211; drukujemy 1 raz<\/p>\n\n\n\n<p><a href=\"https:\/\/drive.google.com\/file\/d\/1Hn_3LTbXGiKPLpV3K3OOmtjQYhRYToVS\/view?usp=sharing\" data-type=\"URL\" data-id=\"https:\/\/drive.google.com\/file\/d\/1Hn_3LTbXGiKPLpV3K3OOmtjQYhRYToVS\/view?usp=sharing\" target=\"_blank\" rel=\"noreferrer noopener\">UMOWA TURYSTYCZNA<\/a> &#8211; drukujemy 2 egzemplarze podpisujemy i odsy\u0142amy na adres Eduwyprawy<\/p>\n\n\n\n<p>Informujemy, i\u017c konieczno\u015b\u0107 podania informacji o szczepieniach dziecka w karcie kolonijnej wynika z nowego wzoru Karty Kolonijnej opublikowanej w\u00a0Rozporz\u0105dzeniu Ministra Edukacji i Nauki z dnia 22 lipca 2021 r. (Dz. U. z 2021 r. poz. 1548).<\/p>\n\n\n\n<p><a href=\"https:\/\/docs.google.com\/document\/d\/1naLr6aOdY7KJ5PxuOvzk1yGWwou7XgjK\/edit?usp=sharing&amp;ouid=102779990405465032460&amp;rtpof=true&amp;sd=true\" target=\"_blank\" rel=\"noreferrer noopener\">REGULAMIN KOLONII w KACWINIE 24.07 \u2013 02.08.2025<\/a><\/p>\n","protected":false},"excerpt":{"rendered":"<p>Dokumenty dotycz\u0105ce kolonii &#8222;Letnia Przygoda 2025&#8221; Prosimy o&nbsp;zapoznanie siebie i uczestnika kolonii&nbsp;z Regulaminem Uczestnictwa w kolonii O\u015bwiadczenie RODO drukujemy 1 raz, wype\u0142niamy i odsy\u0142amy do Eduwyprawy KARTA KOLONIJNA UCZESTNIKA &#8211; drukujemy 1 raz UMOWA TURYSTYCZNA &#8211; drukujemy 2 egzemplarze podpisujemy&hellip; <\/p>\n","protected":false},"author":1,"featured_media":0,"parent":0,"menu_order":0,"comment_status":"closed","ping_status":"closed","template":"","meta":[],"_links":{"self":[{"href":"https:\/\/eduwyprawy.pl\/index.php\/wp-json\/wp\/v2\/pages\/316"}],"collection":[{"href":"https:\/\/eduwyprawy.pl\/index.php\/wp-json\/wp\/v2\/pages"}],"about":[{"href":"https:\/\/eduwyprawy.pl\/index.php\/wp-json\/wp\/v2\/types\/page"}],"author":[{"embeddable":true,"href":"https:\/\/eduwyprawy.pl\/index.php\/wp-json\/wp\/v2\/users\/1"}],"replies":[{"embeddable":true,"href":"https:\/\/eduwyprawy.pl\/index.php\/wp-json\/wp\/v2\/comments?post=316"}],"version-history":[{"count":32,"href":"https:\/\/eduwyprawy.pl\/index.php\/wp-json\/wp\/v2\/pages\/316\/revisions"}],"predecessor-version":[{"id":956,"href":"https:\/\/eduwyprawy.pl\/index.php\/wp-json\/wp\/v2\/pages\/316\/revisions\/956"}],"wp:attachment":[{"href":"https:\/\/eduwyprawy.pl\/index.php\/wp-json\/wp\/v2\/media?parent=316"}],"curies":[{"name":"wp","href":"https:\/\/api.w.org\/{rel}","templated":true}]}}