{"id":350,"date":"2019-10-13T10:01:52","date_gmt":"2019-10-13T08:01:52","guid":{"rendered":"http:\/\/eduwyprawy.pl\/?page_id=350"},"modified":"2023-01-22T18:58:20","modified_gmt":"2023-01-22T17:58:20","slug":"zimowisko","status":"publish","type":"page","link":"https:\/\/eduwyprawy.pl\/index.php\/zimowisko\/","title":{"rendered":"ZIMOWISKO"},"content":{"rendered":"\n<p class=\"has-luminous-vivid-amber-background-color has-background\"><em><strong>Ferie zimowe to d\u0142ugie dwa tygodnie, z kt\u00f3rych przynajmniej jeden mo\u017ce sta\u0107 si\u0119 wspania\u0142ym czasem wype\u0142nionym mega atrakcjami. Telewizor, gry komputerowe, wyjazd do babci s\u0105 bardzo fajne\u2026ale mo\u017ce jednak \u2026 w tym roku\u2026<\/strong><\/em><\/p>\n\n\n\n<h1 class=\"has-text-align-center\"><strong>Zimowy Ob\u00f3z\nPrzygodowy<\/strong><strong><\/strong><\/h1>\n\n\n\n<p class=\"has-text-align-center has-luminous-vivid-orange-color has-text-color has-huge-font-size\"><\/p>\n\n\n\n<h1 class=\"has-text-align-center\">Karkonosze &#8211; podg\u00f3rzyn<\/h1>\n\n\n\n<h3 class=\"has-text-align-center\"><strong>Termin <\/strong>20 &#8211; 24 luty 2023<\/h3>\n\n\n\n<p class=\"has-text-align-center\"><strong><span class=\"has-inline-color has-vivid-red-color\">WYJAZD W PONIEDZIA\u0141EK RANO &#8211; POWR\u00d3T PI\u0104TEK GODZINA 17:00<\/span><\/strong><\/p>\n\n\n\n<p>Miejsce: Podg\u00f3rzyn &#8211; O\u015brodek Wczasowo Kolonijny &#8222;Karolinka&#8221;<\/p>\n\n\n\n<p>W programie:<\/p>\n\n\n\n<p><\/p>\n\n\n\n<ul><li>Realizacja programu &#8222;Wyprawa do Kariny Narni&#8221;<\/li><li>Zimowe szale\u0144stwo na \u015bniegu * (sanki, zimowe gry i zabawy) &#8211; w razie bez\u015bnie\u017cnej zimy mamy plan B<\/li><li>Pobyt w Parku Wodnym &#8222;Cieplickie Termy&#8221;<\/li><li>Wycieczka do zamku Chojnik<\/li><li>Eduwyprawa do Muzeum Karkonoskiego z warsztatami <\/li><li>Zimowa Olimpiada na weso\u0142o<\/li><li>Konkurs na budowl\u0119 ze  \u015bniegu<\/li><li>Skarby tajemniczego miasteczka &#8211; gra terenowa<\/li><li>Wiecz\u00f3r gier planszowych<\/li><li>Wiecz\u00f3r karaoke<\/li><\/ul>\n\n\n\n<p class=\"has-vivid-red-color has-very-light-gray-background-color has-text-color has-background\"><strong>Cena <\/strong> 990 z\u0142 &#8211; ostatnie wolne miejsce<\/p>\n\n\n\n<p>REALIZUJ\u0118MY BONY TURYSTYCZNE !!!<\/p>\n\n\n\n<p>Cena obejmuje przejazd autokarem klasy turystycznej, noclegi i wy\u017cywienie 3 razy dziennie, wycieczki, bilety wst\u0119pu, opiek\u0119 wykwalifikowanej kadry, ubezpieczenie NNW.<\/p>\n\n\n\n<p>Ruszamy ze Z\u0142otoryi  i Jawora<\/p>\n\n\n\n<p>Zakres wiekowy 7 &#8211; 14 lat ( mo\u017cemy wzi\u0105\u0107 te\u017c uczestnik\u00f3w w innym wieku po konsultacji telefonicznej \ud83d\ude42<\/p>\n\n\n\n<p><a href=\"https:\/\/docs.google.com\/forms\/d\/1i4r_T4N8-BGbpf0XkjrakCcRLNHJcUxZ9hm6gHpVQs0\/edit\">Zapisz tutaj<\/a><\/p>\n\n\n\n<p><\/p>\n","protected":false},"excerpt":{"rendered":"<p>Ferie zimowe to d\u0142ugie dwa tygodnie, z kt\u00f3rych przynajmniej jeden mo\u017ce sta\u0107 si\u0119 wspania\u0142ym czasem wype\u0142nionym mega atrakcjami. Telewizor, gry komputerowe, wyjazd do babci s\u0105 bardzo fajne\u2026ale mo\u017ce jednak \u2026 w tym roku\u2026 Zimowy Ob\u00f3z Przygodowy Karkonosze &#8211; podg\u00f3rzyn Termin&hellip; <\/p>\n","protected":false},"author":1,"featured_media":0,"parent":0,"menu_order":0,"comment_status":"closed","ping_status":"closed","template":"","meta":[],"_links":{"self":[{"href":"https:\/\/eduwyprawy.pl\/index.php\/wp-json\/wp\/v2\/pages\/350"}],"collection":[{"href":"https:\/\/eduwyprawy.pl\/index.php\/wp-json\/wp\/v2\/pages"}],"about":[{"href":"https:\/\/eduwyprawy.pl\/index.php\/wp-json\/wp\/v2\/types\/page"}],"author":[{"embeddable":true,"href":"https:\/\/eduwyprawy.pl\/index.php\/wp-json\/wp\/v2\/users\/1"}],"replies":[{"embeddable":true,"href":"https:\/\/eduwyprawy.pl\/index.php\/wp-json\/wp\/v2\/comments?post=350"}],"version-history":[{"count":18,"href":"https:\/\/eduwyprawy.pl\/index.php\/wp-json\/wp\/v2\/pages\/350\/revisions"}],"predecessor-version":[{"id":754,"href":"https:\/\/eduwyprawy.pl\/index.php\/wp-json\/wp\/v2\/pages\/350\/revisions\/754"}],"wp:attachment":[{"href":"https:\/\/eduwyprawy.pl\/index.php\/wp-json\/wp\/v2\/media?parent=350"}],"curies":[{"name":"wp","href":"https:\/\/api.w.org\/{rel}","templated":true}]}}