{"id":38,"date":"2016-11-30T09:31:04","date_gmt":"2016-11-30T08:31:04","guid":{"rendered":"http:\/\/serwer1421977.home.pl\/listopad16\/wolarz\/index.php\/kolonie\/"},"modified":"2026-01-02T06:12:33","modified_gmt":"2026-01-02T05:12:33","slug":"kolonie","status":"publish","type":"page","link":"https:\/\/eduwyprawy.pl\/","title":{"rendered":"KOLONIA 2026"},"content":{"rendered":"\n<p><\/p>\n\n\n\n<figure class=\"wp-block-pullquote\"><blockquote><p><span class=\"has-inline-color has-vivid-red-color\"><strong>KOLONIA&nbsp;<\/strong> <strong>\u201eMORSKA PRZYGODA\u201d<\/strong><\/span><\/p><cite><strong>Jaros\u0142awiec &#8211; Morze Ba\u0142tyckie 06 &#8211; 15 lipca 2026 (10 dni)<\/strong><\/cite><\/blockquote><\/figure>\n\n\n\n<p><\/p>\n\n\n\n<p>\u2728&nbsp;<strong>Dwa podobozy, dwa razy wi\u0119cej rado\u015bci!<\/strong>&nbsp;Dzi\u0119ki podzia\u0142owi na grupy wiekowe, ka\u017cde dziecko znajdzie przestrze\u0144 dostosowan\u0105 do swoich potrzeb i zainteresowa\u0144.<\/p>\n\n\n\n<p>?&nbsp;<strong>Grupy m\u0142odsze (8\u201313 lat)<\/strong> <\/p>\n\n\n\n<ul><li>Bezpieczne zabawy, kreatywne zaj\u0119cia i mn\u00f3stwo przyg\u00f3d!<\/li><li>Sta\u0142a opieka wykwalifikowanej kadry pedagogicznej.<\/li><\/ul>\n\n\n\n<p>?&nbsp;<strong>Grupa starsza (14\u201316 lat)<\/strong><\/p>\n\n\n\n<ul><li>Kameralna grupa (20 os\u00f3b), wi\u0119cej swobody i wyzwa\u0144. Realizuje osobny program <\/li><li>Idealne miejsce na budowanie przyja\u017ani i niezapomniane wspomnienia!<\/li><\/ul>\n\n\n\n<p class=\"has-text-align-center\"><strong>&nbsp;PROGRAM OBOZU W JAROS\u0141AWCU<\/strong><\/p>\n\n\n\n<p class=\"has-text-align-center\"><strong>Uwaga: Program zaj\u0119\u0107 jest dostosowywany do wieku uczestnik\u00f3w oraz aktualnych warunk\u00f3w atmosferycznych panuj\u0105cych podczas turnusu.<\/strong><\/p>\n\n\n\n<hr class=\"wp-block-separator\"\/>\n\n\n\n<p><strong>\u26bd<\/strong><strong> Zaj\u0119cia Sportowe i Aktywno\u015bci<\/strong><\/p>\n\n\n\n<p><strong>Aktywno\u015bci Wodne i Sportowe (Dla ch\u0119tnych, bez dodatkowych op\u0142at)<\/strong><\/p>\n\n\n\n<ul><li><strong>P\u0142ywanie:<\/strong> Kajaki lub rowerki wodne po jeziorze Wicko.<\/li><li><strong>Przeja\u017cd\u017cka konna:<\/strong> W stajni &#8222;Horyzont&#8221;.<\/li><li><strong>Wycieczka rowerowa:<\/strong> Odkrywanie okolic Jaros\u0142awca na dw\u00f3ch k\u00f3\u0142kach.<\/li><\/ul>\n\n\n\n<p><strong>Gry Zespo\u0142owe i Sporty<\/strong><\/p>\n\n\n\n<ul><li><strong>Zaj\u0119cia sportowe:<\/strong> Koszyk\u00f3wka, siatk\u00f3wka, pi\u0142ka no\u017cna, zbijak, tenis sto\u0142owy.<\/li><li><strong>Gry i zabawy:<\/strong> Wodne i terenowe, poszukiwanie skarb\u00f3w, podchody.<\/li><li><strong>Gry sportowe:<\/strong> Darts, Skakanka XXL, Przeci\u0105ganie liny.<\/li><\/ul>\n\n\n\n<p><strong>Party &amp; Gry tradycyjne<\/strong><\/p>\n\n\n\n<ul><li><strong>Party games:<\/strong> Limbo, Balon, Gazetka, Krzese\u0142ka, Kaczki.<\/li><li><strong>Gry tradycyjne:<\/strong> Powr\u00f3t do gier podw\u00f3rkowych \u2013 zbijak, pucha, g\u0142upi ja\u015b, kapsle, pche\u0142ki, klasy.<\/li><\/ul>\n\n\n\n<p><strong>?<\/strong><strong> Morskie Igrzyska \u2013 Obozowe Zawody<\/strong><\/p>\n\n\n\n<p><strong>1. Celno\u015b\u0107:<\/strong><\/p>\n\n\n\n<ul><li>Strzelanie z \u0142uku.<\/li><li>Gra w darty, puszki i kubki.<\/li><li>Rzut do celu (workami, ringo, do kosza na czas).<\/li><\/ul>\n\n\n\n<p><strong>2. Szybko\u015b\u0107, Zwinno\u015b\u0107 i Spryt:<\/strong><\/p>\n\n\n\n<ul><li>Wy\u015bcigi (np. ze zwi\u0105zanymi nogami, w workach).<\/li><li>Tory przeszk\u00f3d.<\/li><li>Skakanka na czas<\/li><\/ul>\n\n\n\n<hr class=\"wp-block-separator\"\/>\n\n\n\n<p><strong>?<\/strong><strong> Na Luzie \u2013 Relaks i Rozrywka<\/strong><\/p>\n\n\n\n<ul><li><strong>Pla\u017cing \u2013 Sma\u017cing:<\/strong> Wyj\u015bcia nad morze (pla\u017ca 200 m od o\u015brodka) po\u0142\u0105czone z pla\u017cowaniem, k\u0105pielami morskimi oraz grami i zabawami.( pod opiek\u0105 ratownika)<\/li><li><strong>Wyj\u015bcie na \u201ePla\u017c\u0119 Dubaj\u201d.<\/strong><\/li><li><strong>Wycieczka piesza do Centrum Jaros\u0142awca:<\/strong> Zwiedzanie miasteczka i zakup pami\u0105tek.<\/li><li><strong>Rekreacja na krytym basenie:<\/strong> Gry i zabawy wodne.<\/li><li><strong>Wieczorna rozrywka:<\/strong> Dyskoteki z DJ-em, Kino wieczorne (seanse filmowe).<\/li><li><strong>Ognisko<\/strong> z pieczeniem kie\u0142basek.<\/li><\/ul>\n\n\n\n<p><strong>Gry Akcji i Kreatywne<\/strong><\/p>\n\n\n\n<ul><li><strong>Gry Akcji:<\/strong> Gra o flag\u0119, gra terenowa, podchody.<\/li><li><strong>Baloniada:<\/strong> Zawody dru\u017cynowe z balonami z wod\u0105.<\/li><li><strong>Summer T-shirt:<\/strong> Projektowanie i malowanie w\u0142asnych koszulek.<\/li><li><strong>Zaj\u0119cia artystyczno-tw\u00f3rcze:<\/strong> Prace plastyczne, skecze, scenki,<\/li><\/ul>\n\n\n\n<hr class=\"wp-block-separator\"\/>\n\n\n\n<p><strong>?\ufe0f<\/strong><strong> ZAPEWNIAMY<\/strong><\/p>\n\n\n\n<ul><li><strong>Kadra:<\/strong> Opieka wykwalifikowanej i do\u015bwiadczonej kadry wychowawczej.<\/li><li><strong>Opieka medyczna:<\/strong> Ca\u0142odobowa opieka piel\u0119gniarki na miejscu w o\u015brodku.<\/li><li><strong>Zakwaterowanie :<\/strong> O\u015brodek \u201eBarka\u201d o wysokim standardzie \u2013 drewniane domki z pe\u0142nym w\u0119z\u0142em sanitarnym. Do morza 100-200 m.<\/li><li><strong>Infrastruktura:<\/strong> Kompleks boisk ORLIK, sale rekreacyjne, kryty basen.<\/li><li><strong>Wy\u017cywienie:<\/strong> Smaczne i nieograniczone <strong>4 posi\u0142ki dziennie<\/strong> (\u015bniadanie, obiad, podwieczorek, kolacja) w formie szwedzkiego sto\u0142u.<\/li><li><strong>Bezpiecze\u0144stwo i Komunikacja:<\/strong><ul><li>Kolonia zg\u0142oszona do Kuratorium O\u015bwiaty.<\/li><li>Ubezpieczenie NNW.<\/li><li>Sprawna komunikacja z rodzicami (kontakt telefoniczny i SMS).<\/li><\/ul><\/li><\/ul>\n\n\n\n<hr class=\"wp-block-separator\"\/>\n\n\n\n<p><strong>?<\/strong><strong> PROGRAM FAKULTATYWNY (Dodatkowo P\u0142atny)<\/strong><\/p>\n\n\n\n<p><strong>Uwaga:<\/strong> Program fakultatywny jest <strong>nieobowi\u0105zkowy<\/strong>, a jego realizacja zale\u017cy od warunk\u00f3w atmosferycznych. Dodatkowa p\u0142atno\u015b\u0107 dokonywana jest podczas zbi\u00f3rki.<\/p>\n\n\n\n<ul><li><strong>PAINTBALL:<\/strong> <strong>109 PLN<\/strong>*<ul><li>Szkolenie oraz gra pod opiek\u0105 instruktor\u00f3w (ok. 240 kulek, ok. 1,5-2 godz. gry).<\/li><li>W cenie: maska, marker, ochraniacze.<\/li><\/ul><\/li><li><strong>Park Linowy:<\/strong> <strong>55 PLN<\/strong>*<ul><li>Trzy trasy o r\u00f3\u017cnej wysoko\u015bci i poziomie trudno\u015bci, dostarczaj\u0105ce adrenaliny i sprawdzaj\u0105ce sprawno\u015b\u0107.<\/li><\/ul><\/li><li><strong>AQUA PARK Panorama Morska Jaros\u0142awiec:<\/strong> <strong>65 PLN<\/strong>* Korzystanie z zewn\u0119trznych atrakcji Aqua-Parku: 6 zje\u017cd\u017calni zewn\u0119trznych (m.in. Zakr\u0119cona, Wyboista, \u015blizg do zje\u017cd\u017cania w kilka os\u00f3b).<\/li><li>*ceny s\u0105 orientacyjne. Szczeg\u00f3\u0142y dotycz\u0105ce cen dodatkowych atrakcji b\u0119dziemy zna\u0107 w maju. <\/li><\/ul>\n\n\n\n<p><\/p>\n\n\n\n<p><strong>CENA:<\/strong>&nbsp; &#8211; 2870 z\u0142&nbsp;*<\/p>\n\n\n\n<p>Cena zawiera :noclegi, wy\u017cywienie, opiek\u0119 kadry pedagogicznej, wszystkie zaj\u0119cia sportowe i plastyczne, ubezpieczenie NNW. Przejazd autokarem dodatkowo p\u0142atny 260 Z\u0141 tam i z powrotem &#8211; opcja wyboru w formularzu zg\u0142oszeniowym. <\/p>\n\n\n\n<p><\/p>\n\n\n\n<p><strong><span class=\"has-inline-color has-vivid-purple-color\">DO 300 Z\u0141 TANIEJ. <\/span><\/strong>ZAJ\u017bYJ DO ZAK\u0141ADKI PROMOCJE<\/p>\n\n\n\n<p>Trasa autokar\u00f3w: Wa\u0142brzych, Strzegom, Jawor, Z\u0142otoryja, Legnica. <\/p>\n\n\n\n<h1 class=\"has-text-align-center\"><a href=\"https:\/\/forms.gle\/yJcdH7ZautdU8jZZ6\" target=\"_blank\" rel=\"noreferrer noopener\">FORMULARZ ZG\u0141OSZENIOWY<\/a><\/h1>\n\n\n\n<figure class=\"wp-block-pullquote\"><blockquote><p><\/p><\/blockquote><\/figure>\n","protected":false},"excerpt":{"rendered":"<p>KOLONIA&nbsp; \u201eMORSKA PRZYGODA\u201d Jaros\u0142awiec &#8211; Morze Ba\u0142tyckie 06 &#8211; 15 lipca 2026 (10 dni) \u2728&nbsp;Dwa podobozy, dwa razy wi\u0119cej rado\u015bci!&nbsp;Dzi\u0119ki podzia\u0142owi na grupy wiekowe, ka\u017cde dziecko znajdzie przestrze\u0144 dostosowan\u0105 do swoich potrzeb i zainteresowa\u0144. ?&nbsp;Grupy m\u0142odsze (8\u201313 lat) Bezpieczne zabawy,&hellip; <\/p>\n","protected":false},"author":1,"featured_media":0,"parent":0,"menu_order":0,"comment_status":"closed","ping_status":"closed","template":"","meta":[],"_links":{"self":[{"href":"https:\/\/eduwyprawy.pl\/index.php\/wp-json\/wp\/v2\/pages\/38"}],"collection":[{"href":"https:\/\/eduwyprawy.pl\/index.php\/wp-json\/wp\/v2\/pages"}],"about":[{"href":"https:\/\/eduwyprawy.pl\/index.php\/wp-json\/wp\/v2\/types\/page"}],"author":[{"embeddable":true,"href":"https:\/\/eduwyprawy.pl\/index.php\/wp-json\/wp\/v2\/users\/1"}],"replies":[{"embeddable":true,"href":"https:\/\/eduwyprawy.pl\/index.php\/wp-json\/wp\/v2\/comments?post=38"}],"version-history":[{"count":121,"href":"https:\/\/eduwyprawy.pl\/index.php\/wp-json\/wp\/v2\/pages\/38\/revisions"}],"predecessor-version":[{"id":992,"href":"https:\/\/eduwyprawy.pl\/index.php\/wp-json\/wp\/v2\/pages\/38\/revisions\/992"}],"wp:attachment":[{"href":"https:\/\/eduwyprawy.pl\/index.php\/wp-json\/wp\/v2\/media?parent=38"}],"curies":[{"name":"wp","href":"https:\/\/api.w.org\/{rel}","templated":true}]}}