{"id":977,"date":"2026-01-02T05:52:39","date_gmt":"2026-01-02T04:52:39","guid":{"rendered":"https:\/\/eduwyprawy.pl\/?page_id=977"},"modified":"2026-01-11T14:01:06","modified_gmt":"2026-01-11T13:01:06","slug":"promocje","status":"publish","type":"page","link":"https:\/\/eduwyprawy.pl\/index.php\/promocje\/","title":{"rendered":"PROMOCJE"},"content":{"rendered":"\n<p>Regulamin promocji na kolonie w Eduwyprawy<\/p>\n\n\n\n<h1><strong>PROMOCJA \u201cKOLEJNY WYJAZD\u201d<\/strong><\/h1>\n\n\n\n<p>Ju\u017c od drugiego wyjazdu z nami przyznajemy naszym Uczestnikom zni\u017ck\u0119 za lojalno\u015b\u0107 w wysoko\u015bci 100 z\u0142.<\/p>\n\n\n\n<p>Regulamin promocji \u201cKOLEJNY WYJAZD\u201d:<\/p>\n\n\n\n<p>1. Promocja naliczy si\u0119&nbsp; po zrobieniu rezerwacji i weryfikacji Uczestnika na podstawie imienia, nazwiska i daty urodzenia. Prosz\u0119 ka\u017cdorazowo sprawdzi\u0107 poprawno\u015b\u0107 wpisanych danych.<\/p>\n\n\n\n<p>2. Potwierdzenie otrzymania zni\u017cki otrzymacie Pa\u0144stwo e mailu potwierdzaj\u0105cym.&nbsp;<\/p>\n\n\n\n<p>3. Zni\u017cka&nbsp; \u201cKOLEJNY WYJAZD\u201d przypisana jest do Uczestnika, nie do rodzica\/opiekuna prawnego.<\/p>\n\n\n\n<p>4. Promocja&nbsp; \u201cKOLEJNY WYJAZD\u201d \u0142\u0105czy si\u0119 z promocjami:KTO PIERWSZY, RODZE\u0143STWO, PRZYJACIELE oraz LAST MINUTE<\/p>\n\n\n\n<h1><strong>\u201cKTO PIERWSZY TEN LEPSZY\u201d &#8211; Promocja za wczesn\u0105 rezerwacj\u0119<\/strong><\/h1>\n\n\n\n<p>\u201cKto pierwszy ten lepszy\u201d! &#8211; tylko do 31.01.2026 rabat 100 z\u0142! <\/p>\n\n\n\n<p>Regulamin promocji \u201cKto pierwszy ten lepszy\u201d:<\/p>\n\n\n\n<p><br>\u2022 Rabat wynosi: \u2013100 z\u0142, a liczba miejsc w&nbsp; puli jest ograniczona.<br>\u2022 Promocja jest limitowana i obowi\u0105zuje do 31.01.2026.<br>\u2022 W przypadku du\u017cego zainteresowania danym terminem rabat kwotowy mo\u017ce by\u0107 niedost\u0119pny.<br>\u2022 Promocja \u0142\u0105czy si\u0119 z promocjami: Przyjaciele\/Rodze\u0144stwo, Kolejny Wyjazd.<br>\u2022 Promocja nie mo\u017ce zosta\u0107 dodana do rezerwacji za\u0142o\u017conych poza okresem jej obowi\u0105zywania.<br><\/p>\n\n\n\n<h1>&#8222;RODZE\u0143STWO&#8221;<\/h1>\n\n\n\n<p>Ka\u017cde z rodze\u0144stwa otrzymuje rabat 100 z\u0142 niezale\u017cnie od terminu i miejsca wyjazdu.<\/p>\n\n\n\n<p>Regulamin promocji Rodze\u0144stwo:<\/p>\n\n\n\n<ol><li>Promocja Rodze\u0144stwo \u0142\u0105czy si\u0119 z promocjami\u00a0 \u201cKOLEJNY WYJAZD\u201d oraz \u201cKTO PIERWSZY\u201d.<\/li><li>Nie \u0142\u0105czy si\u0119 z promocj\u0105 PRZYJACIELE. <\/li><li>Promocja dotyczy wy\u0142\u0105cznie rodze\u0144stwa rodzonego, w gr\u0119 nie wchodzi rodze\u0144stwo cioteczne czy para przyjaci\u00f3\u0142.<\/li><li>Weryfikacja Rodze\u0144stwa &#8211; w ci\u0105gu doby roboczej od dokonania rezerwacji. Je\u015bli wpisany zosta\u0142 kolega \/ kuzynka lub rodze\u0144stwo nie dokona rezerwacji z zaliczk\u0105 i podpisana umow\u0105 turystyczn\u0105 zni\u017cka mo\u017ce zosta\u0107 zdj\u0119ta. O tym fakcie informujemy Klient\u00f3w mailowo.<\/li><\/ol>\n\n\n\n<h1><strong>Przyjaciele<\/strong><\/h1>\n\n\n\n<p>Zbierz grup\u0119 i zgarnij rabaty dla wszystkich &#8211; 100 z\u0142 dla ka\u017cdego z przyjaci\u00f3\u0142 &#8211; minimum 4 osoby. Osoby nie mog\u0105 by\u0107 wpisane jednocze\u015bnie do promocji RODZE\u0143STWO.<\/p>\n\n\n\n<p><br>Regulamin promocji Przyjaciele:<\/p>\n\n\n\n<p>1. Wszyscy przyjaciele (minimum 4 osoby) musz\u0105 zapisa\u0107 si\u0119 jednego dnia na ten sam wyjazd. Przy dokonywaniu rezerwacji nale\u017cy wpisa\u0107 nazwiska przyjaci\u00f3\u0142.<\/p>\n\n\n\n<p>2. Weryfikacja Przyjaci\u00f3\u0142 &#8211; w ci\u0105gu doby roboczej od dokonania rezerwacji. Je\u015bli wpisani przyjaciele nie dokonaj\u0105 rezerwacji z zaliczk\u0105 i podpisan\u0105 umow\u0105 turystyczn\u0105 zni\u017cka mo\u017ce zosta\u0107 zdj\u0119ta. O tym fakcie informujemy Klient\u00f3w mailowo.<\/p>\n\n\n\n<p>3. Promocja \u0142\u0105czy si\u0119 z promocj\u0119 \u201cKOLEJNY WYJAZD\u201d oraz \u201cKTO PIERWSZY\u201d.<\/p>\n\n\n\n<p>4. Promocji tej nie mo\u017cna \u0142\u0105czy\u0107 z promocj\u0105 Rodze\u0144stwo.<\/p>\n\n\n\n<p>5. Obowi\u0105zuje do 30.04.2026<\/p>\n","protected":false},"excerpt":{"rendered":"<p>Regulamin promocji na kolonie w Eduwyprawy PROMOCJA \u201cKOLEJNY WYJAZD\u201d Ju\u017c od drugiego wyjazdu z nami przyznajemy naszym Uczestnikom zni\u017ck\u0119 za lojalno\u015b\u0107 w wysoko\u015bci 100 z\u0142. Regulamin promocji \u201cKOLEJNY WYJAZD\u201d: 1. Promocja naliczy si\u0119&nbsp; po zrobieniu rezerwacji i weryfikacji Uczestnika na&hellip; <\/p>\n","protected":false},"author":1,"featured_media":0,"parent":0,"menu_order":0,"comment_status":"closed","ping_status":"closed","template":"","meta":[],"_links":{"self":[{"href":"https:\/\/eduwyprawy.pl\/index.php\/wp-json\/wp\/v2\/pages\/977"}],"collection":[{"href":"https:\/\/eduwyprawy.pl\/index.php\/wp-json\/wp\/v2\/pages"}],"about":[{"href":"https:\/\/eduwyprawy.pl\/index.php\/wp-json\/wp\/v2\/types\/page"}],"author":[{"embeddable":true,"href":"https:\/\/eduwyprawy.pl\/index.php\/wp-json\/wp\/v2\/users\/1"}],"replies":[{"embeddable":true,"href":"https:\/\/eduwyprawy.pl\/index.php\/wp-json\/wp\/v2\/comments?post=977"}],"version-history":[{"count":5,"href":"https:\/\/eduwyprawy.pl\/index.php\/wp-json\/wp\/v2\/pages\/977\/revisions"}],"predecessor-version":[{"id":997,"href":"https:\/\/eduwyprawy.pl\/index.php\/wp-json\/wp\/v2\/pages\/977\/revisions\/997"}],"wp:attachment":[{"href":"https:\/\/eduwyprawy.pl\/index.php\/wp-json\/wp\/v2\/media?parent=977"}],"curies":[{"name":"wp","href":"https:\/\/api.w.org\/{rel}","templated":true}]}}